{"id":325933,"date":"2021-09-16T16:09:21","date_gmt":"2021-09-16T14:09:21","guid":{"rendered":"https:\/\/equi-libre.fr\/hebergement\/"},"modified":"2022-03-02T16:40:06","modified_gmt":"2022-03-02T15:40:06","slug":"accomodation","status":"publish","type":"page","link":"https:\/\/equi-libre.fr\/en\/accomodation\/","title":{"rendered":"Accomodation"},"content":{"rendered":"\n<h1>H\u00c9BERGEMENT<\/h1>\t\t\t\n\t\t\t\t<p>28 places en g\u00eete et une chambre d&#8217;h\u00f4te<\/p>\n<h2>\n\t\tLE\n\t\t G\u00ceTE\n\t\t\t\t<\/h2>\t\n\t<p>Plus convivial qu&#8217;un h\u00f4tel ou qu&#8217;une auberge, le g\u00eete de la Pastorale \u00c9QUILibre<sup>\u00ae<\/sup> avec son agr\u00e9able salle commune et sa chemin\u00e9e, son spa jacuzzi, est un h\u00e9bergement connu comme un des g\u00eetes les plus agr\u00e9ables de la chaine pyr\u00e9n\u00e9enne &#8211; <em>lab\u00e9lis\u00e9<\/em> comme une valeur \u00ab Parc Naturel R\u00e9gional des Pyr\u00e9n\u00e9es Catalanes\u00bb. A 2 mn de la station de Port\u00e9 Puymorens et \u00e0 un quart d&#8217;heure du Pas de la Case en Andorre.<\/p>\n\t<h4>\n\t\t\t\tFormules :\n\t\t\t<\/h4>\n\t<ul>\n\t\t<li>\t\t\t\t\n\t\t<p>H\u00e9bergement en demi-pension. Les repas servis ont la qualit\u00e9 de la cuisine familiale.<\/p><\/li><li>\t\t\t\t\n\t\t<p>H\u00e9bergement avec &#8220;tarif groupe&#8221; (\u00e0 partir de 12 personnes ) en demi pension.<\/p><\/li><li>\t\t\t\t\n\t\t<p>Une location compl\u00e8te du g\u00eete en gestion libre est possible pour organiser votre h\u00e9bergement de groupes. Accueil 28 places.<\/p>\n<\/li><li>\t\t\t\t\n\t\t<p>Mise \u00e0 disposition possible du spa jacuzzi.<\/p><\/li>\t<\/ul>\n\t\t\t<a href=\"void(0)\" target=\"_self\" aria-label=\"INFOS\" rel=\"noopener\">\n\t\t\t\t\t\t\tINFOS\n\t\t<\/a>\n\t\t\t\t\t\t\t<p>Plus convivial qu&#8217;un h\u00f4tel ou qu&#8217;une auberge, le g\u00eete de la Pastorale \u00c9quilibre\u00ae avec son agr\u00e9able salle commune et sa chemin\u00e9e, son spa jacuzzi, est connu comme un des g\u00eetes les plus agr\u00e9ables de la cha\u00eene pyr\u00e9n\u00e9enne &#8211; lab\u00e9lis\u00e9 comme une valeur \u00ab Parc Naturel \u00bb. Le g\u00eete est un h\u00e9bergement install\u00e9 dans la g\u00e9n\u00e9reuse Vall\u00e9e du Carol. Le g\u00eete d&#8217;\u00e9tape et de groupes se trouve donc sur le versant sud des Pyr\u00e9n\u00e9es Orientales (66). Vous pouvez r\u00e9server votre h\u00e9bergement en g\u00eete en individuel ou en groupe &#8211; 28 places &#8211; \u00e0 deux pas de la station de ski de Port\u00e9 Puymorens, \u00e0 un quart d&#8217;heure du Pas de la Case en Andorre ( 200 Km de pistes et les emplettes d\u00e9tax\u00e9es ) sur le chemin des bonshommes, le GR7, le tour du Carlit. Le g\u00eete est membre du r\u00e9seau de l&#8217;exigeante marque &#8220;Accueil du Parc Naturel des Pyr\u00e9n\u00e9es Catalanes&#8221;.<\/p>\n<p>Pour les groupes ou les familles, la location compl\u00e8te du g\u00eete en gestion libre est possible. L&#8217;h\u00e9bergement&nbsp;\u00c9quilibre\u00ae la Pastorale est aussi habilit\u00e9 \u00e0 \u00eatre d\u00e9clar\u00e9 comme centre de vacances pour les enfants, agr\u00e9ment &#8220;jeunesse et sports&#8221;. Le g\u00eete La Pastorale une location pour vos vacances d&#8217;hiver et d&#8217;\u00e9t\u00e9. Acc\u00e8s wifi libre et gratuit. Possibilit\u00e9 d&#8217;acc\u00e8s au spa jacuzzi. \u00c9quilibre\u00ae met \u00e0 votre disposition une charmante chambre d&#8217;h\u00f4te qui peut aussi accueillir les handicap\u00e9s. Dans l&#8217;environnement de votre location vous serez servis par une multitude d&#8217;activit\u00e9s. L&#8217;\u00e9t\u00e9, \u00c9quilibre\u00ae, organise des s\u00e9jours &#8220;pleine nature&#8221;. L&#8217;escalade, les courses d&#8217;orientation avec d\u00e9couverte de la faune et de la flore et bien s\u00fbr l&#8217;\u00e9quitation sur des chevaux n\u00e9s et \u00e9lev\u00e9s \u00e0 la ferme. Les randonneurs \u00e0 raquettes et \u00e0 ski partent \u00e0 la conqu\u00eate de vall\u00e9es et sommets du Parc naturel des Pyr\u00e9n\u00e9es Catalanes en Cerdagne (66) et, \u00e0 leur retour peuvent se d\u00e9tendre dans le spa jacuzzi. Laissez vous s\u00e9duire par le charme de ce lieu.<\/p>\n\t\t\t\t\t\t\t<h4>DEMI PENSION<\/h4>\n\t\t\t\t\t\t\t\t\t<h2>\n\t\t\t\t\t40 \u20ac\t\t\t\t\t\t\t\t\t\t\t\/ JOUR\n\t\t\t\t\t\t\t\t\t\t\t<\/h2>\n\t\t\t\t\t\t\t\t<ul>\n\t\t\t\t\t\t\t\t\t\t\t\t\t\t\t\t\t\t<li>\n\t\t\t\t\t\t\t\t\t\t\t\t\t\t\t\t\tEnfant ( 3 ans &#8211; 12 ans ) : <strong>30 \u20ac<\/strong>\t\t\t\t\t\n\t\t\t\t\t\t<\/li>\n\t\t\t\t\t\t\t\t\t\t\t\t\t\t\t\t\t\t\t\t\t\t\t\t\t<li>\n\t\t\t\t\t\t\t\t\t\t\t\t\t\t\t\t\tEnfant moins de 3 ans : <strong>gratuit<\/strong>\t\t\t\t\t\n\t\t\t\t\t\t<\/li>\n\t\t\t\t\t\t\t\t\t\t\t\t\t\t\t\t\t\t\t\t\t\t\t\t\t<li>\n\t\t\t\t\t\t\t\t\t\t\t\t\t\t\t\t\t<strong>OPTIONS<\/strong> : Draps : <strong>2 \u20ac<\/strong> \/ jour &#8211; Panier Repas : <strong>8 \u20ac<\/strong>\t\t\t\t\t\n\t\t\t\t\t\t<\/li>\n\t\t\t\t\t\t\t\t\t\t\t\t\t\t\t\t\t\t\t\t\t\t\t\t\t<li>\n\t\t\t\t\t\t\t\t\t\t\t\t\t\t\t\t\t&#8211;\t\t\t\t\t\n\t\t\t\t\t\t<\/li>\n\t\t\t\t<\/ul>\n\t\t\t<a href=\"tel:+33468045942\" target=\"_self\" rel=\"nofollow noopener\" role=\"button\" aria-label=\"R\u00c9SERVER PAR T\u00c9L\u00c9PHONE\">\n\t\t\t\t\t\t\tR\u00c9SERVER PAR T\u00c9L\u00c9PHONE\n\t\t<\/a>\n\t\t\t\t\t\t\t<h4>GROUPE<\/h4>\n\t\t\t\t\t\t\t\t\t<h2>\n\t\t\t\t\t12 particip.*\t\t\t\t\t\t\t\t\t\t<\/h2>\n\t\t\t\t\t\t\t\t<ul>\n\t\t\t\t\t\t\t\t\t\t\t\t\t\t\t\t\t\t<li>\n\t\t\t\t\t\t\t\t\t\t\t\t\t\t\t\t\tPension compl\u00e8te adulte : <strong>45 \u20ac<\/strong>\t\t\t\t\t\n\t\t\t\t\t\t<\/li>\n\t\t\t\t\t\t\t\t\t\t\t\t\t\t\t\t\t\t\t\t\t\t\t\t\t<li>\n\t\t\t\t\t\t\t\t\t\t\t\t\t\t\t\t\tDemi pension adulte : <strong>36 \u20ac<\/strong>\t\t\t\t\t\n\t\t\t\t\t\t<\/li>\n\t\t\t\t\t\t\t\t\t\t\t\t\t\t\t\t\t\t\t\t\t\t\t\t\t<li>\n\t\t\t\t\t\t\t\t\t\t\t\t\t\t\t\t\t<strong>OPTIONS<\/strong> : Draps : <strong>2 \u20ac<\/strong> \/ jour &#8211; Panier Repas : <strong>8 \u20ac<\/strong>\t\t\t\t\t\n\t\t\t\t\t\t<\/li>\n\t\t\t\t\t\t\t\t\t\t\t\t\t\t\t\t\t\t\t\t\t\t\t\t\t<li>\n\t\t\t\t\t\t\t\t\t\t\t\t\t\t\t\t\t<strong>*<\/strong> Minimum\t\t\t\t\t\n\t\t\t\t\t\t<\/li>\n\t\t\t\t<\/ul>\n\t\t\t<a href=\"tel:+33468045942\" target=\"_self\" rel=\"nofollow noopener\" role=\"button\" aria-label=\"R\u00c9SERVER PAR T\u00c9L\u00c9PHONE\">\n\t\t\t\t\t\t\tR\u00c9SERVER PAR T\u00c9L\u00c9PHONE\n\t\t<\/a>\n\t\t\t\t\t\t\t<h4>GESTION LIBRE<\/h4>\n\t\t\t\t\t\t\t\t\t<h2>\n\t\t\t\t\t28 particip.*\t\t\t\t\t\t\t\t\t\t<\/h2>\n\t\t\t\t\t\t\t\t<ul>\n\t\t\t\t\t\t\t\t\t\t\t\t\t\t\t\t\t\t<li>\n\t\t\t\t\t\t\t\t\t\t\t\t\t\t\t\t\tTarif hors p\u00e9riode hivernale : <strong>540 \u20ac \/ JOUR<\/strong>\t\t\t\t\t\n\t\t\t\t\t\t<\/li>\n\t\t\t\t\t\t\t\t\t\t\t\t\t\t\t\t\t\t\t\t\t\t\t\t\t<li>\n\t\t\t\t\t\t\t\t\t\t\t\t\t\t\t\t\tTarif p\u00e9riode hivernale : <strong>700 \u20ac \/ JOUR<\/strong>\t\t\t\t\t\n\t\t\t\t\t\t<\/li>\n\t\t\t\t\t\t\t\t\t\t\t\t\t\t\t\t\t\t\t\t\t\t\t\t\t<li>\n\t\t\t\t\t\t\t\t\t\t\t\t\t\t\t\t\t<strong>*<\/strong> Le g\u00eete complet\t\t\t\t\t\n\t\t\t\t\t\t<\/li>\n\t\t\t\t<\/ul>\n\t\t\t<a href=\"tel:+33468045942\" target=\"_self\" rel=\"nofollow noopener\" role=\"button\" aria-label=\"R\u00c9SERVER PAR T\u00c9L\u00c9PHONE\">\n\t\t\t\t\t\t\tR\u00c9SERVER PAR T\u00c9L\u00c9PHONE\n\t\t<\/a>\n\t\t\t\t\t\t\t<h4>FIN ANN\u00c9E 2021<\/h4>\n\t\t\t\t\t\t\t\t\t<h2>\n\t\t\t\t\t1800 \u20ac \t\t\t\t\t\t\t\t\t\t\t\/ 3 JOURS*\n\t\t\t\t\t\t\t\t\t\t\t<\/h2>\n\t\t\t\t\t\t\t\t<ul>\n\t\t\t\t\t\t\t\t\t\t\t\t\t\t\t\t\t\t<li>\n\t\t\t\t\t\t\t\t\t\t\t\t\t\t\t\t\tNouvel An : <strong>Nous contacter\t\t\t\t\t\n\t\t\t\t\t\t<\/strong><\/li>\n\t\t\t\t\t\t\t\t\t\t\t\t\t\t\t\t\t\t\t\t\t\t\t\t\t<li>\n\t\t\t\t\t\t\t\t\t\t\t\t\t\t\t\t\t* P\u00e9riode de No\u00ebl : (mini. 3 jours)\t\t\t\t\t\n\t\t\t\t\t\t<\/li>\n\t\t\t\t\t\t\t\t\t\t\t\t\t\t\t\t\t\t\t\t\t\t\t\t\t<li>\n\t\t\t\t\t\t\t\t\t\t\t\t\t\t\t\t\t<strong>*<\/strong> Le g\u00eete complet\t\t\t\t\t\n\t\t\t\t\t\t<\/li>\n\t\t\t\t<\/ul>\n\t\t\t<a href=\"tel:+33468045942\" target=\"_self\" rel=\"nofollow noopener\" role=\"button\" aria-label=\"R\u00c9SERVER PAR T\u00c9L\u00c9PHONE\">\n\t\t\t\t\t\t\tR\u00c9SERVER PAR T\u00c9L\u00c9PHONE\n\t\t<\/a>\n<h2>\n\t\tLA\n\t\tCHAMBRE D&#8217;H\u00d4TE\n\t\t\t\t<\/h2>\t\n\t<p>Plus convivial qu&#8217;un h\u00f4tel ou qu&#8217;une auberge, le g\u00eete de la Pastorale EQUILibre\u00ae avec son agr\u00e9able salle commune et sa chemin\u00e9e, son spa jacuzzi, est connu comme un des g\u00eetes les plus agr\u00e9ables de la chaine pyr\u00e9n\u00e9enne &#8211; lab\u00e9lis\u00e9 comme une valeur \u00ab Parc Naturel \u00bb.<\/p>\n\t<h4>\n\t\t\t\tFormules\n\t\t\t<\/h4>\n\t<ul>\n\t\t<li>\t\t\t\t\n\t\t<p>La nuit &amp; petit d\u00e9jeuner.<\/p><\/li><li>\t\t\t\t\n\t\t<p>La demi pension.<\/p><\/li>\t<\/ul>\n\t\t\t\t\t\t\t<h4>NUIT &amp; PETIT D\u00c9JEUNER<\/h4>\n\t\t\t\t\t\t\t\t\t<h2>\n\t\t\t\t\t70 \u20ac\t\t\t\t\t\t\t\t\t\t\t(2 PERS.)\n\t\t\t\t\t\t\t\t\t\t\t<\/h2>\n\t\t\t\t\t\t\t\t<ul>\n\t\t\t\t\t\t\t\t\t\t\t\t\t\t\t\t\t\t<li>\n\t\t\t\t\t\t\t\t\t\t\t\t\t\t\t\t\t1 personne : <strong>60 \u20ac<\/strong>\t\t\t\t\t\n\t\t\t\t\t\t<\/li>\n\t\t\t\t\t\t\t\t\t\t\t\t\t\t\t\t\t\t\t\t\t\t\t\t\t<li>\n\t\t\t\t\t\t\t\t\t\t\t\t\t\t\t\t\tDemi pension 2 personnes : <strong>114 \u20ac<\/strong>\t\t\t\t\t\n\t\t\t\t\t\t<\/li>\n\t\t\t\t\t\t\t\t\t\t\t\t\t\t\t\t\t\t\t\t\t\t\t\t\t<li>\n\t\t\t\t\t\t\t\t\t\t\t\t\t\t\t\t\tDemi pension 1 personne : <strong>75 \u20ac<\/strong>\t\t\t\t\t\n\t\t\t\t\t\t<\/li>\n\t\t\t\t<\/ul>\n\t\t\t<a href=\"tel:+33468045942\" target=\"_self\" rel=\"nofollow noopener\" role=\"button\" aria-label=\"R\u00c9SERVER PAR T\u00c9L\u00c9PHONE\">\n\t\t\t\t\t\t\tR\u00c9SERVER PAR T\u00c9L\u00c9PHONE\n\t\t<\/a>\n","protected":false},"excerpt":{"rendered":"<p>H\u00c9BERGEMENT 28 places en g\u00eete et une chambre d&#8217;h\u00f4te LE G\u00ceTE Plus convivial qu&#8217;un h\u00f4tel ou qu&#8217;une auberge, le g\u00eete de la Pastorale \u00c9QUILibre\u00ae avec son agr\u00e9able salle commune et [&hellip;]<\/p>\n","protected":false},"author":4,"featured_media":0,"parent":0,"menu_order":0,"comment_status":"closed","ping_status":"closed","template":"","meta":{"site-sidebar-layout":"default","site-content-layout":"page-builder","ast-site-content-layout":"full-width-container","site-content-style":"unboxed","site-sidebar-style":"unboxed","ast-global-header-display":"","ast-banner-title-visibility":"","ast-main-header-display":"","ast-hfb-above-header-display":"","ast-hfb-below-header-display":"","ast-hfb-mobile-header-display":"","site-post-title":"disabled","ast-breadcrumbs-content":"","ast-featured-img":"","footer-sml-layout":"","ast-disable-related-posts":"","theme-transparent-header-meta":"default","adv-header-id-meta":"","stick-header-meta":"enabled","header-above-stick-meta":"","header-main-stick-meta":"on","header-below-stick-meta":"","astra-migrate-meta-layouts":"default","ast-page-background-enabled":"default","ast-page-background-meta":{"desktop":{"background-color":"","background-image":"","background-repeat":"repeat","background-position":"center center","background-size":"auto","background-attachment":"scroll","background-type":"","background-media":"","overlay-type":"","overlay-color":"","overlay-opacity":"","overlay-gradient":""},"tablet":{"background-color":"","background-image":"","background-repeat":"repeat","background-position":"center center","background-size":"auto","background-attachment":"scroll","background-type":"","background-media":"","overlay-type":"","overlay-color":"","overlay-opacity":"","overlay-gradient":""},"mobile":{"background-color":"","background-image":"","background-repeat":"repeat","background-position":"center center","background-size":"auto","background-attachment":"scroll","background-type":"","background-media":"","overlay-type":"","overlay-color":"","overlay-opacity":"","overlay-gradient":""}},"ast-content-background-meta":{"desktop":{"background-color":"var(--ast-global-color-5)","background-image":"","background-repeat":"repeat","background-position":"center center","background-size":"auto","background-attachment":"scroll","background-type":"","background-media":"","overlay-type":"","overlay-color":"","overlay-opacity":"","overlay-gradient":""},"tablet":{"background-color":"var(--ast-global-color-5)","background-image":"","background-repeat":"repeat","background-position":"center center","background-size":"auto","background-attachment":"scroll","background-type":"","background-media":"","overlay-type":"","overlay-color":"","overlay-opacity":"","overlay-gradient":""},"mobile":{"background-color":"var(--ast-global-color-5)","background-image":"","background-repeat":"repeat","background-position":"center center","background-size":"auto","background-attachment":"scroll","background-type":"","background-media":"","overlay-type":"","overlay-color":"","overlay-opacity":"","overlay-gradient":""}},"footnotes":""},"categories":[],"tags":[],"class_list":["post-325933","page","type-page","status-publish","hentry"],"aioseo_notices":[],"_links":{"self":[{"href":"https:\/\/equi-libre.fr\/en\/wp-json\/wp\/v2\/pages\/325933","targetHints":{"allow":["GET"]}}],"collection":[{"href":"https:\/\/equi-libre.fr\/en\/wp-json\/wp\/v2\/pages"}],"about":[{"href":"https:\/\/equi-libre.fr\/en\/wp-json\/wp\/v2\/types\/page"}],"author":[{"embeddable":true,"href":"https:\/\/equi-libre.fr\/en\/wp-json\/wp\/v2\/users\/4"}],"replies":[{"embeddable":true,"href":"https:\/\/equi-libre.fr\/en\/wp-json\/wp\/v2\/comments?post=325933"}],"version-history":[{"count":1,"href":"https:\/\/equi-libre.fr\/en\/wp-json\/wp\/v2\/pages\/325933\/revisions"}],"predecessor-version":[{"id":326041,"href":"https:\/\/equi-libre.fr\/en\/wp-json\/wp\/v2\/pages\/325933\/revisions\/326041"}],"wp:attachment":[{"href":"https:\/\/equi-libre.fr\/en\/wp-json\/wp\/v2\/media?parent=325933"}],"wp:term":[{"taxonomy":"category","embeddable":true,"href":"https:\/\/equi-libre.fr\/en\/wp-json\/wp\/v2\/categories?post=325933"},{"taxonomy":"post_tag","embeddable":true,"href":"https:\/\/equi-libre.fr\/en\/wp-json\/wp\/v2\/tags?post=325933"}],"curies":[{"name":"wp","href":"https:\/\/api.w.org\/{rel}","templated":true}]}}