{"id":325937,"date":"2021-09-25T18:39:17","date_gmt":"2021-09-25T16:39:17","guid":{"rendered":"https:\/\/equi-libre.fr\/conferences\/"},"modified":"2022-02-17T12:59:37","modified_gmt":"2022-02-17T11:59:37","slug":"conferences","status":"publish","type":"page","link":"https:\/\/equi-libre.fr\/en\/conferences\/","title":{"rendered":"ConfErences"},"content":{"rendered":"\n\n\t\t\t<h1>CONFERENCES<\/h1>\t\t\t\n<h2>\n\t\tPIERRE\n\t\tENOFF\n\t\t\t\t<\/h2>\t\n\t<h3>\n\t\t\t\tWHAT YOU WERE NEVER TOLD\n\t\t\t<\/h3>\n\t\t\t<p>CONCERNING HORSES AND THE WORLD AROUND THEM !<\/p>\t\n\t<p><img loading=\"lazy\" decoding=\"async\" src=\"https:\/\/equi-libre.fr\/wp-content\/uploads\/2021\/09\/1496404041pierre_enoff_chevaux-op.jpg-e1496404370204.jpg\" alt=\"\" width=\"289\" height=\"192\" \/><\/p>\nWe all have in us the love of horses, but to love, and care for them it is necessary to respect their physiological needs and therefore indispensable to know these needs.<br \/>\nPierre ENOFF dismantles one by one the ideologies that are rooted in the traditional equestrian world. He invites us to discover their true daily life and so redefine the inter-species relationship that we wish to cultivate with this noble animal. To challenge the educational values, the dogmas inherited from the military era that prevail today could once and for all establish a flourishing relationship with horses.<br \/>\nBy using his scientific observations, and having worked with horses for more than thirty years, that Pierre cites uncompromisingly the causes of pathologies linked to the disastrous living conditions that we impose on horses.<br \/>\nAs a specialist in equine locomotion, Pierre demonstrates with seriousness, passion and a touch of humour, the damage caused by shoeing horses.<br \/>\nPierre uses metaphors using the world of the horse to shake up our certainties, our consciences and to make us see our own contradictions, our own relational questioning. He opens our eyes.\n<p>&nbsp;<\/p>\n\t<h3>\n\t\t\t\tASSESS THE REASONS FOR REMOVING THE SHOE\n\t\t\t<\/h3>\n\t\t\t<p>&amp; MAKE THE TRANSITION FROM A SHOD HORSE TO A BARE-FOOT HORSE.<\/p>\t\n\t<p><img loading=\"lazy\" decoding=\"async\" src=\"https:\/\/equi-libre.fr\/wp-content\/uploads\/2021\/10\/conference-pierre-enoff-800x399.jpg\" alt=\"\" width=\"728\" height=\"363\" \/><\/p>\n<p>Un nombre croissant de propri\u00e9taires, de cavaliers, de comp\u00e9titeurs, de centres \u00e9questres souhaitent ne plus ferrer leurs chevaux. Cette d\u00e9marche men\u00e9e sans discernement conduit trop souvent \u00e0 une souffrance pour les chevaux d\u00e9ferr\u00e9s et \u00e0 un d\u00e9sarroi pour les propri\u00e9taires. Cette r\u00e9alit\u00e9 factuelle g\u00e9n\u00e8re un nouveau sujet en terme de sant\u00e9, sujet qu&#8217;il est n\u00e9cessaire et indispensable de prendre en compte. Il convient, pour les acteurs du monde \u00e9questre de guider les \u00e9quitants qui, pour des raisons diverses, souhaitent s&#8217;engager sans connaissances dans le processus du d\u00e9ferrage. Pierre ENOFF donne depuis des ann\u00e9es des formations -Viv\u00e9a &#8211; et des conf\u00e9rences dans de nombreux pays -Universit\u00e9 V\u00e9t\u00e9rinaire de Barcelone, Montr\u00e9al, Paris&#8230;<\/p>\n<p>R\u00e9cemment Pierre ENOFF a form\u00e9 les cadres de l&#8217;Ecurie Royale du Sultanat d&#8217;Oman &#8211; 1250 chevaux -.<\/p>\n<p>Quarante ans d&#8217;observations et d&#8217;\u00e9tudes permettent \u00e0 Pierre ENOFF de proposer une m\u00e9thodologie pr\u00e9cise et adapt\u00e9e dans la transition post d\u00e9ferrage.<\/p>\n\t<h3>\n\t\t\t\tVETERINARY FACULTY BARCELONA\n\t\t\t<\/h3>\n\tThe equine locomotion conference that I gave at the Veterinary Faculty in Barcelona was a great success. Success because so many people came and filled the University&#8217;s amphitheatre. Success moreover by the quality of the attention and interest shown in the subject treated.<br \/>\nIn Catalonia, I had the honour and the pleasure of meeting very attentive participants who showed strong individualism in their reflections. Probably this awareness, and questioning of the establishment, it has made the Catalans one of the first to take a new look at the equestrian world, in the same way as they took a new look at the world of bullfighting.<br \/>\nThis approach allows great hopes for improving our relations with horses, and by declination, with all the living beings that surround us.<br \/>\nI would therefore like to thank you for your welcome, your attention and your openness.<br \/>\nThank you to the organisers of the Miranda Foundation who managed to offer us this and this successful event and moment of exchange.\n<p>Pierre ENOFF &#8220;<\/p>\n<p>The conference on equine locomotion at the Faculty of Barcelona was organised by the Project Miranda Foundation.<\/p>\n<p><a href=\"mailto:info@projectmiranda.cat\">info@projectmiranda.cat<\/a><\/p>\n<p>T\u00e9l : <a href=\"tel:+34659041869\">0034 659 041 869<\/a><\/p>\n\t\t\t<a href=\"\/contact\/\" target=\"_self\" rel=\"noopener\">\n\t\t\t\t\t\t\t\tContact us\t\t\t\t\t\t\t\n\t\t\t\t\t\t\t\tYou can contact us to organise a conference hosted by Pierre\t\t\t\t\t\t\t\n\t\t\t\t\t\t<\/a>\n<h2>\n\t\tPut in\n\t\tlayman&#8217;s terms\n\t\t\t\t<\/h2>\t\n\t<p>CONF\u00c9RENCE<\/p>\n\t<h3>\n\t\t\t\tDescription\n\t\t\t<\/h3>\n\t<p>Cette conf\u00e9rence s&#8217;inscrit dans la vulgarisation de l&#8217;expertise de Pierre. Dans le cadre strict d&#8217;une approche circonstanci\u00e9e, elle a pour objectif de :<\/p>\n\t<ul>\n\t\t<li>\t\t\t\t\n\t\t<p>List the issues related to hoof shoe removal<\/p><\/li><li>\t\t\t\t\n\t\t<p>Consider the reasons for shoe removal<\/p><\/li><li>\t\t\t\t\n\t\t<p>Improve knowledge of the hoof structure<\/p><\/li><li>\t\t\t\t\n\t\t<p>Include the benefits of a barefoot horse<\/p><\/li><li>\t\t\t\t\n\t\t<p>Present an appropriate method to relieve suffering<\/p><\/li><li>\t\t\t\t\n\t\t<p>Assess the need for the veterinary help or advice<\/p><\/li><li>\t\t\t\t\n\t\t<p>Present an appropriate method to relieve suffering<\/p><\/li><li>\t\t\t\t\n\t\t<p>Understand the role of the blacksmith or the trimmer<\/p><\/li><li>\t\t\t\t\n\t\t<p>Respond in detail to questions<\/p><\/li>\t<\/ul>\n\t<p>Pierre ENOFF presents his work and his conclusions in the form of valuable advice for horse owners and professionals<\/p>\n\n","protected":false},"excerpt":{"rendered":"<p>CONFERENCES PIERRE ENOFF WHAT YOU WERE NEVER TOLD CONCERNING HORSES AND THE WORLD AROUND THEM ! We all have in us the love of horses, but to love, and care [&hellip;]<\/p>\n","protected":false},"author":4,"featured_media":0,"parent":0,"menu_order":0,"comment_status":"closed","ping_status":"closed","template":"","meta":{"site-sidebar-layout":"default","site-content-layout":"page-builder","ast-site-content-layout":"default","site-content-style":"default","site-sidebar-style":"default","ast-global-header-display":"","ast-banner-title-visibility":"","ast-main-header-display":"","ast-hfb-above-header-display":"","ast-hfb-below-header-display":"","ast-hfb-mobile-header-display":"","site-post-title":"disabled","ast-breadcrumbs-content":"","ast-featured-img":"","footer-sml-layout":"","ast-disable-related-posts":"","theme-transparent-header-meta":"default","adv-header-id-meta":"","stick-header-meta":"enabled","header-above-stick-meta":"","header-main-stick-meta":"on","header-below-stick-meta":"","astra-migrate-meta-layouts":"default","ast-page-background-enabled":"default","ast-page-background-meta":{"desktop":{"background-color":"","background-image":"","background-repeat":"repeat","background-position":"center center","background-size":"auto","background-attachment":"scroll","background-type":"","background-media":"","overlay-type":"","overlay-color":"","overlay-opacity":"","overlay-gradient":""},"tablet":{"background-color":"","background-image":"","background-repeat":"repeat","background-position":"center center","background-size":"auto","background-attachment":"scroll","background-type":"","background-media":"","overlay-type":"","overlay-color":"","overlay-opacity":"","overlay-gradient":""},"mobile":{"background-color":"","background-image":"","background-repeat":"repeat","background-position":"center center","background-size":"auto","background-attachment":"scroll","background-type":"","background-media":"","overlay-type":"","overlay-color":"","overlay-opacity":"","overlay-gradient":""}},"ast-content-background-meta":{"desktop":{"background-color":"var(--ast-global-color-5)","background-image":"","background-repeat":"repeat","background-position":"center center","background-size":"auto","background-attachment":"scroll","background-type":"","background-media":"","overlay-type":"","overlay-color":"","overlay-opacity":"","overlay-gradient":""},"tablet":{"background-color":"var(--ast-global-color-5)","background-image":"","background-repeat":"repeat","background-position":"center center","background-size":"auto","background-attachment":"scroll","background-type":"","background-media":"","overlay-type":"","overlay-color":"","overlay-opacity":"","overlay-gradient":""},"mobile":{"background-color":"var(--ast-global-color-5)","background-image":"","background-repeat":"repeat","background-position":"center center","background-size":"auto","background-attachment":"scroll","background-type":"","background-media":"","overlay-type":"","overlay-color":"","overlay-opacity":"","overlay-gradient":""}},"footnotes":""},"categories":[],"tags":[],"class_list":["post-325937","page","type-page","status-publish","hentry"],"aioseo_notices":[],"_links":{"self":[{"href":"https:\/\/equi-libre.fr\/en\/wp-json\/wp\/v2\/pages\/325937","targetHints":{"allow":["GET"]}}],"collection":[{"href":"https:\/\/equi-libre.fr\/en\/wp-json\/wp\/v2\/pages"}],"about":[{"href":"https:\/\/equi-libre.fr\/en\/wp-json\/wp\/v2\/types\/page"}],"author":[{"embeddable":true,"href":"https:\/\/equi-libre.fr\/en\/wp-json\/wp\/v2\/users\/4"}],"replies":[{"embeddable":true,"href":"https:\/\/equi-libre.fr\/en\/wp-json\/wp\/v2\/comments?post=325937"}],"version-history":[{"count":3,"href":"https:\/\/equi-libre.fr\/en\/wp-json\/wp\/v2\/pages\/325937\/revisions"}],"predecessor-version":[{"id":326018,"href":"https:\/\/equi-libre.fr\/en\/wp-json\/wp\/v2\/pages\/325937\/revisions\/326018"}],"wp:attachment":[{"href":"https:\/\/equi-libre.fr\/en\/wp-json\/wp\/v2\/media?parent=325937"}],"wp:term":[{"taxonomy":"category","embeddable":true,"href":"https:\/\/equi-libre.fr\/en\/wp-json\/wp\/v2\/categories?post=325937"},{"taxonomy":"post_tag","embeddable":true,"href":"https:\/\/equi-libre.fr\/en\/wp-json\/wp\/v2\/tags?post=325937"}],"curies":[{"name":"wp","href":"https:\/\/api.w.org\/{rel}","templated":true}]}}