{"id":325946,"date":"2021-09-21T06:58:38","date_gmt":"2021-09-21T04:58:38","guid":{"rendered":"https:\/\/equi-libre.fr\/mentions-legales\/"},"modified":"2021-09-21T06:58:38","modified_gmt":"2021-09-21T04:58:38","slug":"mentions-legales","status":"publish","type":"page","link":"https:\/\/equi-libre.fr\/en\/mentions-legales\/","title":{"rendered":"Mentions l\u00e9gales"},"content":{"rendered":"\n\n\t\t\t<h1>MENTIONS L\u00c9GALES<\/h1>\t\t\t\n\t\t\t\t<p>Tous les chemins m\u00e8nent \u00e0 \u00c9QUILibre<sup>\u00ae<\/sup> &#8211; Porta &#8211; Pyr\u00e9n\u00e9es-Orientales &#8211; France<\/p>\n\t<h2>1. PR\u00c9SENTATION DE NOTRE SITE WEB<\/h2>\n<p>Conform\u00e9ment \u00e0 la loi n\u00b0 2004-2005 du 21 juin 2004 pour la confiance dans l&#8217;\u00e9conomie num\u00e9rique, notre site web cr\u00e9\u00e9 par : Borne504 &#8211; Ph. Salesses, \u00c9quilibre\u00ae propri\u00e9taire du site, met \u00e0 disposition du public des informations concernant notre activit\u00e9. \u00c9ventuellement modifiables, nous vous invitons donc \u00e0 consulter nos mentions l\u00e9gales le plus souvent possible, de mani\u00e8re \u00e0 en prendre connaissance fr\u00e9quemment.<\/p>\n<p>Le site equi-libre.fr appartient \u00e0 le GAEC \u00c9quilibre<sup>\u00ae<\/sup>, dont le si\u00e8ge social est situ\u00e9 \u00e0 l&#8217;adresse suivante : la Pastorale &#8211; Place Florian Enoff &#8211; 66760 Porta &#8211; France<\/p>\n<p>Personne morale, \u00c9quilibre\u00ae est responsable de la publication, dont l&#8217;adresse e-mail est la suivante : info@equi-libre.fr<\/p>\n<p>Le webmaster, Ph. Salesses, est responsable de l&#8217;administration du site, dont l&#8217;adresse e-mail est la suivante : ph@borne504.com.<\/p>\n<p>Le site equi-libre.fr est h\u00e9berg\u00e9 par o2switch, dont le si\u00e8ge social est localis\u00e9 \u00e0 l&#8217;adresse suivante : la Pastorale &#8211; Place Florian Enoff &#8211; 66760 Porta &#8211; France.<\/p>\n<h2>2. CONDITIONS G\u00c9N\u00c9RALES D&#8217;UTILISATION DU SITE ET DES SERVICES PROPOS\u00c9S<\/h2>\n<p>En utilisant notre site web equi-libre.fr, vous acceptez pleinement et enti\u00e8rement les conditions g\u00e9n\u00e9rales d&#8217;utilisation pr\u00e9cis\u00e9es dans nos mentions l\u00e9gales. Accessible \u00e0 tout type de visiteurs, il est important de pr\u00e9ciser toutefois qu&#8217;une interruption pour maintenance du site web peut-\u00eatre d\u00e9cid\u00e9e par \u00c9quilibre\u00ae. Les dates et heures d&#8217;interruptions seront n\u00e9anmoins pr\u00e9cis\u00e9es \u00e0 l&#8217;avance aux utilisateurs.<\/p>\n<h2>3. LES PRODUITS OU SERVICES PROPOS\u00c9S PAR equi-libre.fr<\/h2>\n<p>En accord avec sa politique de communication, le site equi-libre.fr a pour vocation d&#8217;informer les utilisateurs sur les services propos\u00e9s par \u00c9quilibre\u00ae, qui s&#8217;efforce alors de fournir des informations pr\u00e9cises sur son activit\u00e9. Cependant, des inexactitudes ou des omissions peuvent exister. \u00c9quilibre\u00ae ne pourra en aucun cas \u00eatre tenue pour responsable pour toute erreur pr\u00e9sente sur le site equi-libre.fr.<\/p>\n<h2>4. LIMITATIONS CONTRACTUELLES<\/h2>\n<p>Les informations retranscrites sur notre site web equi-libre.fr font l&#8217;objet de d\u00e9marches qualitatives, en vue de nous assurer de leur fiabilit\u00e9. Cependant, nous ne pourrons encourir de responsabilit\u00e9s en cas d&#8217;inexactitudes techniques lors de nos explications.<\/p>\n<p>Si vous constatez une erreur concernant des informations que nous auront pu omettre, n&#8217;h\u00e9sitez pas \u00e0 nous le signaler par mail \u00e0 : contact@equi-libre.fr.<\/p>\n<p>Les liens reli\u00e9s directement ou indirectement \u00e0 notre site web equi-libre.fr ne sont pas sous le contr\u00f4le de notre soci\u00e9t\u00e9. Par cons\u00e9quent, nous ne pouvons nous assurer de l&#8217;exactitude des informations pr\u00e9sentes sur ces autres sites internet.<\/p>\n<p>Utilisant la technologie JavaScript, le site equi-libre.fr ne pourra \u00eatre tenu pour responsable en cas de dommages mat\u00e9riels li\u00e9s \u00e0 son utilisation et \u00e0 tout autre type de cons\u00e9quence li\u00e9e \u00e0 l&#8217;exploitation du site equi-libre.fr, qu&#8217;elle soit direct ou indirect (bug, incompatibilit\u00e9, virus, perte de march\u00e9, etc.).<\/p>\n<h2>5. PROPRI\u00c9T\u00c9 INTELLECTUELLE &amp; CONTENU DU SITE INTERNET<\/h2>\n<p>Le contenu r\u00e9dactionnel du site web equi-libre.fr appartient exclusivement \u00e0 \u00c9quilibre\u00ae. Toute violation des droits d&#8217;auteur est sanctionn\u00e9e par l&#8217;article L.335-2 du Code de la Propri\u00e9t\u00e9 Intellectuelle, avec une peine encourue de 2 ans d&#8217;emprisonnement et de 150 000\u20ac d&#8217;amende.<\/p>\n<p>Photographies :<\/p>\n<ul>\n<li>Pierre Enoff.<\/li>\n<\/ul>\n<h2>6. DONN\u00c9ES PERSONNELLES, R\u00c8GLEMENT G\u00c9N\u00c9RAL SUR LA PROTECTION DES DONN\u00c9ES (RGPD), COOKIES &amp; RESPECT DE VOTRE VIE PRIV\u00c9E ET DE VOS LIBERT\u00c9S<\/h2>\n<p>Toutes informations recueillies sur le site web equi-libre.fr se font dans le cadre des besoins li\u00e9s \u00e0 l&#8217;utilisation de notre plateforme, tels que : la r\u00e9servation et\/ou l&#8217;achat d&#8217;activit\u00e9 sur notre boutique en ligne.<\/p>\n<p>\u00c9quilibre\u00ae s&#8217;engage \u00e0 ne c\u00e9der en aucun cas les informations concernant les utilisateurs du site Internet, de quelque fa\u00e7on qu&#8217;il soit (vente, \u00e9change, pr\u00eat, location, don).<\/p>\n<p>Conform\u00e9ment \u00e0 la loi \u00ab informatique et libert\u00e9s \u00bb du 6 janvier 1978 modifi\u00e9e en 2004 et au &#8220;R\u00e8glement G\u00e9n\u00e9ral sur la Protection des Donn\u00e9es&#8221; (RGPD) du 27 avril 2016, l&#8217;association \u00c9quilibre\u00ae garantit qu&#8217;aucune des donn\u00e9es recueillies via ces formulaires ne sera transmise \u00e0 tout autre organisme. Les droits d&#8217;acc\u00e8s, de modification, d&#8217;opposition, de limitation du traitement, d&#8217;effacement et de portabilit\u00e9 des donn\u00e9es collect\u00e9es pourront \u00eatre exerc\u00e9s par la personne concern\u00e9e en adressant une demande \u00e9crite \u00e0 \u00c9quilibre\u00ae par mail : info@equi-libre.fr &#8211; ou par courrier : \u00c9quilibre\u00ae &#8211; la Pastorale &#8211; Place Florian Enoff &#8211; 66760 Porta &#8211; France.<\/p>\n<p>RGPD : Les donn\u00e9es personnelles de \u00ab Formulaire de contact \u00bb, sont recueillies par \u00c9quilibre\u00ae pour r\u00e9pondre aux demandes d&#8217;information et\/ou d&#8217;inscription \u00e0 nos activit\u00e9s dans le cadre des formulaires y aff\u00e9rents.<\/p>\n<p>Vous pourrez, si vous le souhaitez obtenir plus d&#8217;informations sur les cookies en consultant le site de la CNIL (Commission Nationale Informatique et Libert\u00e9s) en suivant ce lien. Afin de limiter vos traces sur le web et d&#8217;en comprendre les processus, nous vous conseillons de visiter cette page.<\/p>\n<h2>7. DROIT APPLICABLE ET LOIS CONCERN\u00c9ES<\/h2>\n<p>Soumis au droit fran\u00e7ais, le site web equi-libre.fr est encadr\u00e9 par la loi n\u00b0 2004-2005 du 21 juin 2004 pour la confiance dans l&#8217;\u00e9conomie num\u00e9rique, l&#8217;article L.335-2 du Code de la Propri\u00e9t\u00e9 Intellectuelle et la loi \u00ab informatique et libert\u00e9s \u00bb du 6 janvier 1978 modifi\u00e9e en 2004.<\/p>\n\n","protected":false},"excerpt":{"rendered":"<p>MENTIONS L\u00c9GALES Tous les chemins m\u00e8nent \u00e0 \u00c9QUILibre\u00ae &#8211; Porta &#8211; Pyr\u00e9n\u00e9es-Orientales &#8211; France 1. PR\u00c9SENTATION DE NOTRE SITE WEB Conform\u00e9ment \u00e0 la loi n\u00b0 2004-2005 du 21 juin 2004 [&hellip;]<\/p>\n","protected":false},"author":4,"featured_media":0,"parent":0,"menu_order":0,"comment_status":"closed","ping_status":"closed","template":"","meta":{"site-sidebar-layout":"default","site-content-layout":"page-builder","ast-site-content-layout":"default","site-content-style":"default","site-sidebar-style":"default","ast-global-header-display":"","ast-banner-title-visibility":"","ast-main-header-display":"","ast-hfb-above-header-display":"","ast-hfb-below-header-display":"","ast-hfb-mobile-header-display":"","site-post-title":"disabled","ast-breadcrumbs-content":"","ast-featured-img":"","footer-sml-layout":"","ast-disable-related-posts":"","theme-transparent-header-meta":"default","adv-header-id-meta":"","stick-header-meta":"enabled","header-above-stick-meta":"","header-main-stick-meta":"on","header-below-stick-meta":"","astra-migrate-meta-layouts":"default","ast-page-background-enabled":"default","ast-page-background-meta":{"desktop":{"background-color":"","background-image":"","background-repeat":"repeat","background-position":"center center","background-size":"auto","background-attachment":"scroll","background-type":"","background-media":"","overlay-type":"","overlay-color":"","overlay-opacity":"","overlay-gradient":""},"tablet":{"background-color":"","background-image":"","background-repeat":"repeat","background-position":"center center","background-size":"auto","background-attachment":"scroll","background-type":"","background-media":"","overlay-type":"","overlay-color":"","overlay-opacity":"","overlay-gradient":""},"mobile":{"background-color":"","background-image":"","background-repeat":"repeat","background-position":"center center","background-size":"auto","background-attachment":"scroll","background-type":"","background-media":"","overlay-type":"","overlay-color":"","overlay-opacity":"","overlay-gradient":""}},"ast-content-background-meta":{"desktop":{"background-color":"var(--ast-global-color-5)","background-image":"","background-repeat":"repeat","background-position":"center center","background-size":"auto","background-attachment":"scroll","background-type":"","background-media":"","overlay-type":"","overlay-color":"","overlay-opacity":"","overlay-gradient":""},"tablet":{"background-color":"var(--ast-global-color-5)","background-image":"","background-repeat":"repeat","background-position":"center center","background-size":"auto","background-attachment":"scroll","background-type":"","background-media":"","overlay-type":"","overlay-color":"","overlay-opacity":"","overlay-gradient":""},"mobile":{"background-color":"var(--ast-global-color-5)","background-image":"","background-repeat":"repeat","background-position":"center center","background-size":"auto","background-attachment":"scroll","background-type":"","background-media":"","overlay-type":"","overlay-color":"","overlay-opacity":"","overlay-gradient":""}},"footnotes":""},"categories":[],"tags":[],"class_list":["post-325946","page","type-page","status-publish","hentry"],"aioseo_notices":[],"_links":{"self":[{"href":"https:\/\/equi-libre.fr\/en\/wp-json\/wp\/v2\/pages\/325946","targetHints":{"allow":["GET"]}}],"collection":[{"href":"https:\/\/equi-libre.fr\/en\/wp-json\/wp\/v2\/pages"}],"about":[{"href":"https:\/\/equi-libre.fr\/en\/wp-json\/wp\/v2\/types\/page"}],"author":[{"embeddable":true,"href":"https:\/\/equi-libre.fr\/en\/wp-json\/wp\/v2\/users\/4"}],"replies":[{"embeddable":true,"href":"https:\/\/equi-libre.fr\/en\/wp-json\/wp\/v2\/comments?post=325946"}],"version-history":[{"count":0,"href":"https:\/\/equi-libre.fr\/en\/wp-json\/wp\/v2\/pages\/325946\/revisions"}],"wp:attachment":[{"href":"https:\/\/equi-libre.fr\/en\/wp-json\/wp\/v2\/media?parent=325946"}],"wp:term":[{"taxonomy":"category","embeddable":true,"href":"https:\/\/equi-libre.fr\/en\/wp-json\/wp\/v2\/categories?post=325946"},{"taxonomy":"post_tag","embeddable":true,"href":"https:\/\/equi-libre.fr\/en\/wp-json\/wp\/v2\/tags?post=325946"}],"curies":[{"name":"wp","href":"https:\/\/api.w.org\/{rel}","templated":true}]}}